{"id":433,"date":"2023-03-16T17:23:02","date_gmt":"2023-03-16T20:23:02","guid":{"rendered":"https:\/\/amamissoes.org.br\/site\/?page_id=433"},"modified":"2023-04-26T19:39:13","modified_gmt":"2023-04-26T22:39:13","slug":"como-apoiar","status":"publish","type":"page","link":"https:\/\/amamissoes.org.br\/site\/como-apoiar\/","title":{"rendered":"COMO APOIAR"},"content":{"rendered":"<section class=\"wpb-content-wrapper\"><p>[vc_row][vc_column width=&#8221;1\/3&#8243;][vc_column_text]<\/p>\n<h6><\/h6>\n<h6>FA\u00c7A SUA DOA\u00c7\u00c3O VIA PIX OU DEP\u00d3SITO.<\/h6>\n<p>CHAVE PIX:\u00a0 36.682.280\/0001-02 (CNPJ)<br \/>\nAg\u00eancia Mission\u00e1ria Atos<\/p>\n<h6>DEP\u00d3SITOS:<br \/>\nBanco: Caixa Econ\u00f4mica Federal<br \/>\nAg\u00eancia: 4384<br \/>\nConta corrente: 814-6<br \/>\nOpera\u00e7\u00e3o: 003<\/h6>\n<p>[\/vc_column_text][vc_single_image image=&#8221;497&#8243; alignment=&#8221;center&#8221;][vc_column_text]Fa\u00e7a sua contribui\u00e7\u00e3o via Cart\u00e3o com PagSeguro.[\/vc_column_text][vc_raw_html]JTNDJTIxLS0lMjBJTklDSU8lMjBGT1JNVUxBUklPJTIwQk9UQU8lMjBQQUdTRUdVUk8lMjAtLSUzRSUwQSUzQ2Zvcm0lMjBhY3Rpb24lM0QlMjJodHRwcyUzQSUyRiUyRnBhZ3NlZ3Vyby51b2wuY29tLmJyJTJGY2hlY2tvdXQlMkZ2MiUyRmRvbmF0aW9uLmh0bWwlMjIlMjBtZXRob2QlM0QlMjJwb3N0JTIyJTNFJTBBJTNDJTIxLS0lMjBOJUMzJTgzTyUyMEVESVRFJTIwT1MlMjBDT01BTkRPUyUyMERBUyUyMExJTkhBUyUyMEFCQUlYTyUyMC0tJTNFJTBBJTNDaW5wdXQlMjB0eXBlJTNEJTIyaGlkZGVuJTIyJTIwbmFtZSUzRCUyMmN1cnJlbmN5JTIyJTIwdmFsdWUlM0QlMjJCUkwlMjIlMjAlMkYlM0UlMEElM0NpbnB1dCUyMHR5cGUlM0QlMjJoaWRkZW4lMjIlMjBuYW1lJTNEJTIycmVjZWl2ZXJFbWFpbCUyMiUyMHZhbHVlJTNEJTIyYWdtaXNzaW9uYXJpYWF0b3MlNDBnbWFpbC5jb20lMjIlMjAlMkYlM0UlMEElM0NpbnB1dCUyMHR5cGUlM0QlMjJoaWRkZW4lMjIlMjBuYW1lJTNEJTIyaW90JTIyJTIwdmFsdWUlM0QlMjJidXR0b24lMjIlMjAlMkYlM0UlMEElM0NpbnB1dCUyMHR5cGUlM0QlMjJpbWFnZSUyMiUyMHNyYyUzRCUyMmh0dHBzJTNBJTJGJTJGc3RjLnBhZ3NlZ3Vyby51b2wuY29tLmJyJTJGcHVibGljJTJGaW1nJTJGYm90b2VzJTJGZG9hY29lcyUyRjIwOXg0OC1kb2FyLWFzc2luYS5naWYlMjIlMjBuYW1lJTNEJTIyc3VibWl0JTIyJTIwYWx0JTNEJTIyUGFndWUlMjBjb20lMjBQYWdTZWd1cm8lMjAtJTIwJUMzJUE5JTIwciVDMyVBMXBpZG8lMkMlMjBnciVDMyVBMXRpcyUyMGUlMjBzZWd1cm8lMjElMjIlMjAlMkYlM0UlMEElM0MlMkZmb3JtJTNFJTBBJTNDJTIxLS0lMjBGSU5BTCUyMEZPUk1VTEFSSU8lMjBCT1RBTyUyMFBBR1NFR1VSTyUyMC0tJTNF[\/vc_raw_html][\/vc_column][vc_column width=&#8221;2\/3&#8243;][vc_single_image image=&#8221;461&#8243; img_size=&#8221;full&#8221;][\/vc_column][\/vc_row][vc_row full_width=&#8221;stretch_row&#8221; background_position_desktop=&#8221;center center&#8221; css=&#8221;.vc_custom_1678996678395{background-image: url(https:\/\/amamissoes.org.br\/site\/wp-content\/uploads\/2023\/03\/shutterstock_735267403blue.jpg?id=371) !important;}&#8221;][vc_column][vc_column_text]<\/p>\n<div class=\"styled-subtitle\" style=\"text-align: center;\">\n<p><span style=\"color: #ffffff;\">Portanto, ide, ensinai todas as na\u00e7\u00f5es, batizando-as em nome do Pai, e do Filho, e do Esp\u00edrito Santo.\u00a0 Ensinando-as a guardar todas as coisas que eu vos tenho mandado; e eis que eu estou convosco todos os dias, at\u00e9 a consuma\u00e7\u00e3o dos s\u00e9culos. Am\u00e9m.<\/span><\/p>\n<\/div>\n<h6 style=\"text-align: right;\"><span style=\"color: #ffffff;\">Mateus 28.19-20.<\/span><\/h6>\n<p>&nbsp;<\/p>\n<h6><\/h6>\n<p>[\/vc_column_text][vc_empty_space height=&#8221;70px&#8221;][\/vc_column][\/vc_row]<\/p>\n<\/section>","protected":false},"excerpt":{"rendered":"<p>[vc_row][vc_column width=&#8221;1\/3&#8243;][vc_column_text] FA\u00c7A SUA DOA\u00c7\u00c3O VIA PIX OU DEP\u00d3SITO. CHAVE PIX:\u00a0 36.682.280\/0001-02 (CNPJ) Ag\u00eancia Mission\u00e1ria Atos DEP\u00d3SITOS: Banco: Caixa Econ\u00f4mica&#8230;<\/p>\n","protected":false},"author":1,"featured_media":0,"parent":0,"menu_order":0,"comment_status":"closed","ping_status":"closed","template":"","meta":{"footnotes":""},"class_list":["post-433","page","type-page","status-publish"],"_links":{"self":[{"href":"https:\/\/amamissoes.org.br\/site\/wp-json\/wp\/v2\/pages\/433","targetHints":{"allow":["GET"]}}],"collection":[{"href":"https:\/\/amamissoes.org.br\/site\/wp-json\/wp\/v2\/pages"}],"about":[{"href":"https:\/\/amamissoes.org.br\/site\/wp-json\/wp\/v2\/types\/page"}],"author":[{"embeddable":true,"href":"https:\/\/amamissoes.org.br\/site\/wp-json\/wp\/v2\/users\/1"}],"replies":[{"embeddable":true,"href":"https:\/\/amamissoes.org.br\/site\/wp-json\/wp\/v2\/comments?post=433"}],"version-history":[{"count":7,"href":"https:\/\/amamissoes.org.br\/site\/wp-json\/wp\/v2\/pages\/433\/revisions"}],"predecessor-version":[{"id":611,"href":"https:\/\/amamissoes.org.br\/site\/wp-json\/wp\/v2\/pages\/433\/revisions\/611"}],"wp:attachment":[{"href":"https:\/\/amamissoes.org.br\/site\/wp-json\/wp\/v2\/media?parent=433"}],"curies":[{"name":"wp","href":"https:\/\/api.w.org\/{rel}","templated":true}]}}