{"id":444,"date":"2023-03-16T18:21:24","date_gmt":"2023-03-16T21:21:24","guid":{"rendered":"https:\/\/amamissoes.org.br\/site\/?page_id=444"},"modified":"2023-05-22T16:49:57","modified_gmt":"2023-05-22T19:49:57","slug":"judeia-3","status":"publish","type":"page","link":"https:\/\/amamissoes.org.br\/site\/judeia-3\/","title":{"rendered":"JUDEIA"},"content":{"rendered":"<section class=\"wpb-content-wrapper\"><p>[vc_row][vc_column width=&#8221;1\/2&#8243;][vc_column_text]<\/p>\n<h4>JUDEIA (REGIONAL\/NA\u00c7\u00c3O) OU TRANScultural<\/h4>\n<p>&#8211; Envio e sustento de mission\u00e1rios;<br \/>\n&#8211; Viagens mission\u00e1rias;<br \/>\n&#8211; A\u00e7\u00f5es sociais;<br \/>\n&#8211; Treinamento.<\/p>\n<p><strong>Novas parcerias:<\/strong><br \/>\n&#8211; Firmamos parceria com a miss\u00e3o A f\u00e9 vem pelo ouvir dos EUA e com a<br \/>\nSBB \u2013 Sociedade B\u00edblica do Brasil;<br \/>\n&#8211; A AMA Miss\u00f5es ser\u00e1 cadastrada para que possa ser uma base de apoio e distribui\u00e7\u00e3o de b\u00edblias em \u00e1udio para cria\u00e7\u00e3o de grupos de audi\u00e7\u00e3o da palavra de Deus.[\/vc_column_text][vc_empty_space height=&#8221;70px&#8221;][\/vc_column][vc_column width=&#8221;1\/2&#8243;][vc_single_image image=&#8221;451&#8243; img_size=&#8221;full&#8221;][\/vc_column][\/vc_row][vc_row][vc_column][vc_column_text]<\/p>\n<h4>GALERIA DE IMAGENS<\/h4>\n<p>[\/vc_column_text]<div class=\"preloader\"><div class=\"preloader-spin\"><\/div><\/div> <div class=\"gem-gallery gem-gallery-hover-default\"> <div class=\"gem-gallery-item\"> <div class=\"gem-gallery-item-image\"> <a href=\"https:\/\/amamissoes.org.br\/site\/wp-content\/uploads\/2023\/04\/WhatsApp-Image-2023-04-12-at-12.24.22-1-thegem-gallery-fullwidth.jpeg\" data-fancybox-group=\"gallery-69dfffd44081c\" data-full-image-url=\"https:\/\/amamissoes.org.br\/site\/wp-content\/uploads\/2023\/04\/WhatsApp-Image-2023-04-12-at-12.24.22-1.jpeg\"> <svg width=\"20\" height=\"10\"><path d=\"M 0,10 Q 9,9 10,0 Q 11,9 20,10\" \/><\/svg> <img decoding=\"async\" src=\"https:\/\/amamissoes.org.br\/site\/wp-content\/uploads\/2023\/04\/WhatsApp-Image-2023-04-12-at-12.24.22-1-thegem-post-thumb-small.jpeg\" alt=\"\" class=\"img-responsive\"> <span class=\"gem-gallery-caption slide-info\"> <\/span> <\/a> <span class=\"gem-gallery-line\"><\/span> <\/div> <\/div> <div class=\"gem-gallery-item\"> <div class=\"gem-gallery-item-image\"> <a href=\"https:\/\/amamissoes.org.br\/site\/wp-content\/uploads\/2023\/04\/WhatsApp-Image-2023-04-12-at-12.24.22-2-thegem-gallery-fullwidth.jpeg\" data-fancybox-group=\"gallery-69dfffd44081c\" data-full-image-url=\"https:\/\/amamissoes.org.br\/site\/wp-content\/uploads\/2023\/04\/WhatsApp-Image-2023-04-12-at-12.24.22-2.jpeg\"> <svg width=\"20\" height=\"10\"><path d=\"M 0,10 Q 9,9 10,0 Q 11,9 20,10\" \/><\/svg> <img decoding=\"async\" src=\"https:\/\/amamissoes.org.br\/site\/wp-content\/uploads\/2023\/04\/WhatsApp-Image-2023-04-12-at-12.24.22-2-thegem-post-thumb-small.jpeg\" alt=\"\" class=\"img-responsive\"> <span class=\"gem-gallery-caption slide-info\"> <\/span> <\/a> <span class=\"gem-gallery-line\"><\/span> <\/div> <\/div> <div class=\"gem-gallery-item\"> <div class=\"gem-gallery-item-image\"> <a href=\"https:\/\/amamissoes.org.br\/site\/wp-content\/uploads\/2023\/04\/WhatsApp-Image-2023-04-12-at-12.24.22-thegem-gallery-fullwidth.jpeg\" data-fancybox-group=\"gallery-69dfffd44081c\" data-full-image-url=\"https:\/\/amamissoes.org.br\/site\/wp-content\/uploads\/2023\/04\/WhatsApp-Image-2023-04-12-at-12.24.22.jpeg\"> <svg width=\"20\" height=\"10\"><path d=\"M 0,10 Q 9,9 10,0 Q 11,9 20,10\" \/><\/svg> <img decoding=\"async\" src=\"https:\/\/amamissoes.org.br\/site\/wp-content\/uploads\/2023\/04\/WhatsApp-Image-2023-04-12-at-12.24.22-thegem-post-thumb-small.jpeg\" alt=\"\" class=\"img-responsive\"> <span class=\"gem-gallery-caption slide-info\"> <\/span> <\/a> <span class=\"gem-gallery-line\"><\/span> <\/div> <\/div> <\/div>[\/vc_column][\/vc_row][vc_row full_width=&#8221;stretch_row&#8221; background_position_desktop=&#8221;center center&#8221; css=&#8221;.vc_custom_1678996678395{background-image: url(https:\/\/amamissoes.org.br\/site\/wp-content\/uploads\/2023\/03\/shutterstock_735267403blue.jpg?id=371) !important;}&#8221;][vc_column][vc_column_text]<\/p>\n<div class=\"styled-subtitle\" style=\"text-align: center;\">\n<p><span style=\"color: #ffffff;\">Portanto, ide, ensinai todas as na\u00e7\u00f5es, batizando-as em nome do Pai, e do Filho, e do Esp\u00edrito Santo.\u00a0 Ensinando-as a guardar todas as coisas que eu vos tenho mandado; e eis que eu estou convosco todos os dias, at\u00e9 a consuma\u00e7\u00e3o dos s\u00e9culos. Am\u00e9m.<\/span><\/p>\n<\/div>\n<h6 style=\"text-align: right;\"><span style=\"color: #ffffff;\">Mateus 28.19-20.<\/span><\/h6>\n<p>&nbsp;<\/p>\n<h6><\/h6>\n<p>[\/vc_column_text][vc_empty_space height=&#8221;70px&#8221;][\/vc_column][\/vc_row]<\/p>\n<\/section>","protected":false},"excerpt":{"rendered":"<p>[vc_row][vc_column width=&#8221;1\/2&#8243;][vc_column_text] JUDEIA (REGIONAL\/NA\u00c7\u00c3O) OU TRANScultural &#8211; Envio e sustento de mission\u00e1rios; &#8211; Viagens mission\u00e1rias; &#8211; A\u00e7\u00f5es sociais; &#8211; Treinamento&#8230;.<\/p>\n","protected":false},"author":1,"featured_media":0,"parent":0,"menu_order":0,"comment_status":"closed","ping_status":"closed","template":"","meta":{"footnotes":""},"class_list":["post-444","page","type-page","status-publish"],"_links":{"self":[{"href":"https:\/\/amamissoes.org.br\/site\/wp-json\/wp\/v2\/pages\/444","targetHints":{"allow":["GET"]}}],"collection":[{"href":"https:\/\/amamissoes.org.br\/site\/wp-json\/wp\/v2\/pages"}],"about":[{"href":"https:\/\/amamissoes.org.br\/site\/wp-json\/wp\/v2\/types\/page"}],"author":[{"embeddable":true,"href":"https:\/\/amamissoes.org.br\/site\/wp-json\/wp\/v2\/users\/1"}],"replies":[{"embeddable":true,"href":"https:\/\/amamissoes.org.br\/site\/wp-json\/wp\/v2\/comments?post=444"}],"version-history":[{"count":6,"href":"https:\/\/amamissoes.org.br\/site\/wp-json\/wp\/v2\/pages\/444\/revisions"}],"predecessor-version":[{"id":651,"href":"https:\/\/amamissoes.org.br\/site\/wp-json\/wp\/v2\/pages\/444\/revisions\/651"}],"wp:attachment":[{"href":"https:\/\/amamissoes.org.br\/site\/wp-json\/wp\/v2\/media?parent=444"}],"curies":[{"name":"wp","href":"https:\/\/api.w.org\/{rel}","templated":true}]}}