{"id":600,"date":"2023-04-12T17:03:50","date_gmt":"2023-04-12T20:03:50","guid":{"rendered":"https:\/\/amamissoes.org.br\/site\/?page_id=600"},"modified":"2023-04-12T17:05:26","modified_gmt":"2023-04-12T20:05:26","slug":"ama-educacao","status":"publish","type":"page","link":"https:\/\/amamissoes.org.br\/site\/ama-educacao\/","title":{"rendered":"AMA EDUCA\u00c7\u00c3O"},"content":{"rendered":"<section class=\"wpb-content-wrapper\"><p>[vc_row][vc_column width=&#8221;1\/2&#8243;][vc_column_text]A configura\u00e7\u00e3o deste projeto est\u00e1 em aprimoramento e em breve teremos maiores detalhes para informar.<\/p>\n<p>Neste planejamento, estamos contemplando a cria\u00e7\u00e3o de uma escola confessional, onde daremos \u00eanfase \u00e0 educa\u00e7\u00e3o de qualidade em um ambiente livre de ideologias contr\u00e1rias aos princ\u00edpios crist\u00e3os.<\/p>\n<p>Em um segundo momento, teremos uma escola para forma\u00e7\u00e3o de obreiros\/cooperadores interessados em melhor servir \u00e0 suas igrejas.<br \/>\nTeremos forma\u00e7\u00f5es em missiologia, teologia, capelania, e muitos outros.[\/vc_column_text][vc_empty_space height=&#8221;70px&#8221;][\/vc_column][vc_column width=&#8221;1\/2&#8243;][vc_single_image image=&#8221;602&#8243; img_size=&#8221;full&#8221;][\/vc_column][\/vc_row][vc_row full_width=&#8221;stretch_row&#8221; background_position_desktop=&#8221;center center&#8221; css=&#8221;.vc_custom_1678996678395{background-image: url(https:\/\/amamissoes.org.br\/site\/wp-content\/uploads\/2023\/03\/shutterstock_735267403blue.jpg?id=371) !important;}&#8221;][vc_column][vc_column_text]<\/p>\n<div class=\"styled-subtitle\" style=\"text-align: center;\">\n<p><span style=\"color: #ffffff;\">Portanto, ide, ensinai todas as na\u00e7\u00f5es, batizando-as em nome do Pai, e do Filho, e do Esp\u00edrito Santo.\u00a0 Ensinando-as a guardar todas as coisas que eu vos tenho mandado; e eis que eu estou convosco todos os dias, at\u00e9 a consuma\u00e7\u00e3o dos s\u00e9culos. Am\u00e9m.<\/span><\/div>\n<h6 style=\"text-align: right;\"><span style=\"color: #ffffff;\">Mateus 28.19-20.<\/span><\/h6>\n<p>&nbsp;<\/p>\n<h6><\/h6>\n<p>[\/vc_column_text][vc_empty_space height=&#8221;70px&#8221;][\/vc_column][\/vc_row]<\/p>\n<\/section>","protected":false},"excerpt":{"rendered":"<p>[vc_row][vc_column width=&#8221;1\/2&#8243;][vc_column_text]A configura\u00e7\u00e3o deste projeto est\u00e1 em aprimoramento e em breve teremos maiores detalhes para informar. Neste planejamento, estamos contemplando&#8230;<\/p>\n","protected":false},"author":1,"featured_media":0,"parent":0,"menu_order":0,"comment_status":"closed","ping_status":"closed","template":"","meta":{"footnotes":""},"class_list":["post-600","page","type-page","status-publish"],"_links":{"self":[{"href":"https:\/\/amamissoes.org.br\/site\/wp-json\/wp\/v2\/pages\/600","targetHints":{"allow":["GET"]}}],"collection":[{"href":"https:\/\/amamissoes.org.br\/site\/wp-json\/wp\/v2\/pages"}],"about":[{"href":"https:\/\/amamissoes.org.br\/site\/wp-json\/wp\/v2\/types\/page"}],"author":[{"embeddable":true,"href":"https:\/\/amamissoes.org.br\/site\/wp-json\/wp\/v2\/users\/1"}],"replies":[{"embeddable":true,"href":"https:\/\/amamissoes.org.br\/site\/wp-json\/wp\/v2\/comments?post=600"}],"version-history":[{"count":2,"href":"https:\/\/amamissoes.org.br\/site\/wp-json\/wp\/v2\/pages\/600\/revisions"}],"predecessor-version":[{"id":603,"href":"https:\/\/amamissoes.org.br\/site\/wp-json\/wp\/v2\/pages\/600\/revisions\/603"}],"wp:attachment":[{"href":"https:\/\/amamissoes.org.br\/site\/wp-json\/wp\/v2\/media?parent=600"}],"curies":[{"name":"wp","href":"https:\/\/api.w.org\/{rel}","templated":true}]}}